{"id":5,"date":"2015-12-14T22:09:12","date_gmt":"2015-12-14T22:09:12","guid":{"rendered":"http:\/\/fespa.es\/congreso2016\/?page_id=5"},"modified":"2022-07-06T07:32:59","modified_gmt":"2022-07-06T07:32:59","slug":"programa","status":"publish","type":"page","link":"http:\/\/fespa.es\/congreso2022\/en\/programa\/","title":{"rendered":"Program"},"content":{"rendered":"<div class=\"tlid-input input\">\n<div class=\"source-wrap\">\n<div class=\"input-full-height-wrapper tlid-input-full-height-wrapper\">\n<div class=\"source-input\">\n<div class=\"source-footer-wrap source-or-target-footer\">\n<div class=\"character-count tlid-character-count\">\n<div class=\"cc-ctr normal\"><strong>Agenda y contenido<\/strong><\/div>\n<div><\/div>\n<\/div>\n<\/div>\n<\/div>\n<\/div>\n<\/div>\n<\/div>\n<div class=\"tlid-results-container results-container\">\n<div class=\"tlid-result result-dict-wrapper\">\n<div class=\"result tlid-copy-target\">\n<div class=\"text-wrap tlid-copy-target\">\n<div tabindex=\"0\"><\/div>\n<\/div>\n<\/div>\n<\/div>\n<\/div>\n<p><strong><span style=\"color: #ff0000;\">July 11, 2022 \u2013 Day 1<\/span><\/strong><\/p>\n<p><strong>14:00<\/strong><br \/>\nWelcome<\/p>\n<p><strong>14:15<\/strong><\/p>\n<p><strong>Opening by the Presidents of the Associations<br \/>\n<\/strong><em>Nicola Posarelli<\/em>, FESPA Italia<br \/>\n<em>Christophe Aussenac<\/em>, Fespa France<br \/>\n<em>Fontina Lombardia<\/em>, Fespa Hellas<br \/>\n<em>Paulo Dourado<\/em>, Apigraf<br \/>\n<em>Gabriel Virto<\/em>, Fespa Espa\u00f1a<\/p>\n<p style=\"font-weight: 400;\"><strong>14:30 Sustainable behaviours: agencies, printers and suppliers<br \/>\n<\/strong><\/p>\n<p style=\"font-weight: 400;\" class=\"translation-block\"><strong><b>\u00abSostenibilidad en los espacios ef\u00edmeros\u00bb<br>\r\n<\/b><\/strong><em>Sonia Faura, Responsable de Marketing Grupo GP<\/em><br>\r\n<em>Gabriela Betancourth, Graphic Designer Grupo GP&nbsp;<\/em>15.30&nbsp;Pausa Caf\u00e9<\/p>\n<p style=\"font-weight: 400;\"><strong>14.50 \u00a0 Innovaci\u00f3n en\u00a0bio doming<br \/>\n<\/strong><em>Sylvain Maillard, Synia France<\/em><\/p>\n<p style=\"font-weight: 400;\"><strong>15.10 \u00a0<\/strong><strong>The Ricoh approach to environmental sustainability<br \/>\n<\/strong><em>Angelo Mandelli, EMEA Product Manager Large Format &amp; Flatbed, at Ricoh Europe<\/em><\/p>\n<p><strong>15.30\u00a0 <\/strong><strong>Sustainable digital packaging printing solutions<br \/>\n<\/strong><em>Peter Andrich, Managing Director at Koenig &amp; Bauer Italia<br \/>\n<\/em><\/p>\n<p><strong>15.50 Coffee Break<\/strong><\/p>\n<p style=\"font-weight: 400;\"><strong>16.15 \u00a0 \u00a0 \u00a0 \u00a0 Sesiones J\u00f3venes Talentos y el papel de las Escuelas de Artes Gr\u00e1ficas en el Sur de Europa: Buenas Pr\u00e1cticas<\/strong><\/p>\n<p style=\"font-weight: 400;\"><strong>Matteo Dittadi<\/strong>, Segretario Nazionale Scuole Grafiche CNOS-FAP, Direttore Formazione Continua Superiore e Coordinatore Scuola Grafica San Marco<\/p>\n<p style=\"font-weight: 400;\" class=\"translation-block\"><strong>\u00abLa Cocina Gr\u00e1fica: formaci\u00f3n, t\u00e9cnica e imaginaci\u00f3n\u00bb<br>\r\n<\/strong><strong>Nuria Casal<\/strong>, Graphic Arts Teacher Vocational Training at Colegio Hogar Afundaci\u00f3n Salesianos de Vigo (Galicia)<\/p>\n<p style=\"font-weight: 400;\"><strong>Mario Tsigonias<\/strong>, Assist. Prof.\u00a0 University of West Attika in the field of Printing Technology.<\/p>\n<p style=\"font-weight: 400;\"><strong>Elsa Escaja<\/strong>, Designer and Teacher at Escola Profissional Val do Rio, Portugal<\/p>\n<p style=\"font-weight: 400;\"><strong>Fran<\/strong><strong>\u00e7ois<\/strong><strong> Grange<\/strong>, D\u00e9l\u00e9gu\u00e9 aux Formation Professionnelles et Technologiques, Lyc\u00e9e Etienne Mimard, France<\/p>\n<p style=\"font-weight: 400;\">Debate<\/p>\n<p style=\"font-weight: 400;\"><strong>\u00a0<\/strong><strong>17.15 \u00a0 \u00a0 \u00a0 \u00a0\u00a0 Campeonatos de F\u00fatbol a cinco y tenis de SEPC entre los asistentes<\/strong><strong>\u00a0<\/strong><\/p>\n<p><strong>20.00 Networking dinner at Trattoria Povoledo<\/strong><\/p>\n<p>&nbsp;<\/p>\n<p><strong><span style=\"color: #ff0000;\">July 12, 2022 \u2013 Day 2<\/span><\/strong><\/p>\n<p style=\"font-weight: 400;\"><strong>8.45 Opening and welcome coffee<\/strong><\/p>\n<p style=\"font-weight: 400;\"><strong>9.15 Championship Trophy Ceremony\u00a0<\/strong><\/p>\n<p><strong>9.30 The role of FESPA associations in helping the market become more sustainable<\/strong><br \/>\n<em>Graeme Richardson-Locke, <\/em><em>Head of Assocations &amp; Technical Lead de FESPA Int.<\/em><strong>\u00a0<\/strong><\/p>\n<p><strong style=\"font-weight: 400;\">9.50 \u00a0 \u00a0 \u00a0 \u00a0<\/strong><strong>Together, it is possible - Print for the Future.<br \/>\n<\/strong><em>Stefano Casati, End User and Partner Account Manager Large Format, at HP Italy<\/em><b><\/b><\/p>\n<p><strong>10:10 Circular Economy\u2026.<\/strong><strong>.<\/strong><strong>all-around: a best practice by Montecolino<br \/>\n<\/strong><em>Alessio Balestrieri, Sales Director Montecolino<br \/>\n<\/em><\/p>\n<p style=\"font-weight: 400;\"><strong>10.30 Coffee break<\/strong><\/p>\n<p><strong>11.15 \u00a0 \u00a0Agfa &#8211; un crecimiento sostenible<\/strong><br \/>\n<em>Massimo Costa, Inkjet Sales Manager at Agfa NV<br \/>\nMarino Fusco, Managing Director at Athena Srl\u00a0<\/em><\/p>\n<p><strong>11.35\u00a0<\/strong><strong>Hexis \u2013 Calidad y desarrollo sostenible<br \/>\n<\/strong><em>Leandro Castelluccia, General Manager Hexis Italia<\/em><\/p>\n<p class=\"translation-block\"><strong>11.55 Young talents and<strong>\u2026.?<strong><\/p>\n<p><strong>Print your future: the European project on future skills and recruitment in the printing industry<br \/>\n<\/strong><em>Paulo Dourado, Diretor Gabinete de Comunica\u00e7\u00e3o e Imagem de APIGRAF<\/em><\/p>\n<p><strong>A student exchange program across Europe<\/strong><br \/>\n<em>Christophe Aussenac, President FESPA France<br \/>\n<\/em><\/p>\n<p><strong>12.15 Conclusions<\/strong><\/p>\n<p style=\"font-weight: 400;\"><strong>12.30 Lunch and thanks<\/strong><\/p>\n<p>&nbsp;<\/p>\n<p>&nbsp;<\/p>","protected":false},"excerpt":{"rendered":"<p>Agenda y contenido 11 de julio de 2022 &#8211; D\u00eda 1 14:00 Registo de participantes 14:15 Apertura por los Presidentes de las Asociaciones Nicola Posarelli, FESPA Italia Christophe Aussenac, Fespa France Fontina Lombardia, Fespa Hellas Paulo Dourado, Apigraf Gabriel Virto, Fespa Espa\u00f1a 14.30 \u00a0Sesiones de Proyectos sostenibles: agencias, impresores y suministradores \u00abSostenibilidad en los espacios &hellip; <a href=\"http:\/\/fespa.es\/congreso2022\/en\/programa\/\" class=\"more-link\">Continue reading <span class=\"screen-reader-text\">Program<\/span><\/a><\/p>","protected":false},"author":1,"featured_media":0,"parent":0,"menu_order":0,"comment_status":"closed","ping_status":"closed","template":"","meta":[],"_links":{"self":[{"href":"http:\/\/fespa.es\/congreso2022\/en\/wp-json\/wp\/v2\/pages\/5"}],"collection":[{"href":"http:\/\/fespa.es\/congreso2022\/en\/wp-json\/wp\/v2\/pages"}],"about":[{"href":"http:\/\/fespa.es\/congreso2022\/en\/wp-json\/wp\/v2\/types\/page"}],"author":[{"embeddable":true,"href":"http:\/\/fespa.es\/congreso2022\/en\/wp-json\/wp\/v2\/users\/1"}],"replies":[{"embeddable":true,"href":"http:\/\/fespa.es\/congreso2022\/en\/wp-json\/wp\/v2\/comments?post=5"}],"version-history":[{"count":80,"href":"http:\/\/fespa.es\/congreso2022\/en\/wp-json\/wp\/v2\/pages\/5\/revisions"}],"predecessor-version":[{"id":2484,"href":"http:\/\/fespa.es\/congreso2022\/en\/wp-json\/wp\/v2\/pages\/5\/revisions\/2484"}],"wp:attachment":[{"href":"http:\/\/fespa.es\/congreso2022\/en\/wp-json\/wp\/v2\/media?parent=5"}],"curies":[{"name":"wp","href":"https:\/\/api.w.org\/{rel}","templated":true}]}}