{"id":23,"date":"2015-12-14T22:25:35","date_gmt":"2015-12-14T22:25:35","guid":{"rendered":"http:\/\/fespa.es\/congreso2016\/?page_id=23"},"modified":"2022-07-08T10:28:27","modified_gmt":"2022-07-08T10:28:27","slug":"home","status":"publish","type":"page","link":"http:\/\/fespa.es\/congreso2022\/en\/","title":{"rendered":"Southern European Print Congress 2022"},"content":{"rendered":"<p><a href=\"http:\/\/fespa.es\/congreso2022\/wp-content\/uploads\/2022\/07\/Sepc-2022-logo.png\"><img loading=\"lazy\" class=\"aligncenter wp-image-2486 size-full\" src=\"http:\/\/fespa.es\/congreso2022\/wp-content\/uploads\/2022\/07\/Sepc-2022-logo.png\" alt=\"\" width=\"455\" height=\"231\" srcset=\"http:\/\/fespa.es\/congreso2022\/wp-content\/uploads\/2022\/07\/Sepc-2022-logo.png 455w, http:\/\/fespa.es\/congreso2022\/wp-content\/uploads\/2022\/07\/Sepc-2022-logo-300x152.png 300w, http:\/\/fespa.es\/congreso2022\/wp-content\/uploads\/2022\/07\/Sepc-2022-logo-18x9.png 18w\" sizes=\"(max-width: 455px) 100vw, 455px\" \/><\/a><\/p>\n<p>&nbsp;<\/p>\n<div class=\"page\" title=\"Page 1\">\n<div class=\"layoutArea\">\n<div class=\"column\">\n<p style=\"text-align: center;\"><strong>NEXT STOP: THE FUTURE<br \/>\n<\/strong><strong>Young talents and sustainability: the future of Visual Communication\u00a0<\/strong><\/p>\n<\/div>\n<\/div>\n<\/div>\n<p>This Congress is organized to promote innovation in the visual communication printing industry and to create a dynamic networking environment for association members to exchange ideas, practices and business opportunities.<\/p>\n<p>Over two half days, delegates have the opportunity to hear from top industry experts, meet players from various visual communication sectors, and learn how to grow their businesses.<\/p>\n<p>The networking dinner on the first night gives delegates exclusive access to manufacturers and providers of visual communication services.<\/p>\n<p>Participation is exclusive to member and non-member companies of FESPA. Technology providers can only participate as sponsors of the event.<\/p>\n<p>The South European Print Congress is organized by the five southern European associations that are members of FESPA.<\/p>\n<p><a href=\"http:\/\/fespa.es\/congreso2022\/wp-content\/uploads\/2022\/06\/Logos-asociaciones.png\"><img loading=\"lazy\" class=\"alignright size-full wp-image-2356\" src=\"http:\/\/fespa.es\/congreso2022\/wp-content\/uploads\/2022\/06\/Logos-asociaciones.png\" alt=\"\" width=\"1948\" height=\"158\" srcset=\"http:\/\/fespa.es\/congreso2022\/wp-content\/uploads\/2022\/06\/Logos-asociaciones.png 1948w, http:\/\/fespa.es\/congreso2022\/wp-content\/uploads\/2022\/06\/Logos-asociaciones-300x24.png 300w, http:\/\/fespa.es\/congreso2022\/wp-content\/uploads\/2022\/06\/Logos-asociaciones-768x62.png 768w, http:\/\/fespa.es\/congreso2022\/wp-content\/uploads\/2022\/06\/Logos-asociaciones-1024x83.png 1024w\" sizes=\"(max-width: 1948px) 100vw, 1948px\" \/><\/a><\/p>\n<p><a href=\"http:\/\/fespa.es\/congreso2022\/wp-content\/uploads\/2022\/06\/Logo-fespa-member.jpg\"><img loading=\"lazy\" class=\"aligncenter wp-image-2361\" src=\"http:\/\/fespa.es\/congreso2022\/wp-content\/uploads\/2022\/06\/Logo-fespa-member-150x150.jpg\" alt=\"\" width=\"90\" height=\"90\" srcset=\"http:\/\/fespa.es\/congreso2022\/wp-content\/uploads\/2022\/06\/Logo-fespa-member-150x150.jpg 150w, http:\/\/fespa.es\/congreso2022\/wp-content\/uploads\/2022\/06\/Logo-fespa-member.jpg 181w\" sizes=\"(max-width: 90px) 100vw, 90px\" \/><\/a><\/p>","protected":false},"excerpt":{"rendered":"<p>&nbsp; PR\u00d3XIMA PARADA: EL FUTURO J\u00f3venes talentos y sostenibilidad: el futuro de la Comunicaci\u00f3n Visual\u00a0 Este Congreso est\u00e1 organizado para promover la innovaci\u00f3n en la industria de la impresi\u00f3n de la comunicaci\u00f3n visual y para crear un entorno din\u00e1mico de networking para que los miembros de las asociaciones intercambien ideas, pr\u00e1cticas y oportunidades de negocios. &hellip; <a href=\"http:\/\/fespa.es\/congreso2022\/en\/\" class=\"more-link\">Continue reading <span class=\"screen-reader-text\">Southern European Print Congress 2022<\/span><\/a><\/p>","protected":false},"author":1,"featured_media":0,"parent":0,"menu_order":0,"comment_status":"closed","ping_status":"closed","template":"","meta":[],"_links":{"self":[{"href":"http:\/\/fespa.es\/congreso2022\/en\/wp-json\/wp\/v2\/pages\/23"}],"collection":[{"href":"http:\/\/fespa.es\/congreso2022\/en\/wp-json\/wp\/v2\/pages"}],"about":[{"href":"http:\/\/fespa.es\/congreso2022\/en\/wp-json\/wp\/v2\/types\/page"}],"author":[{"embeddable":true,"href":"http:\/\/fespa.es\/congreso2022\/en\/wp-json\/wp\/v2\/users\/1"}],"replies":[{"embeddable":true,"href":"http:\/\/fespa.es\/congreso2022\/en\/wp-json\/wp\/v2\/comments?post=23"}],"version-history":[{"count":41,"href":"http:\/\/fespa.es\/congreso2022\/en\/wp-json\/wp\/v2\/pages\/23\/revisions"}],"predecessor-version":[{"id":2487,"href":"http:\/\/fespa.es\/congreso2022\/en\/wp-json\/wp\/v2\/pages\/23\/revisions\/2487"}],"wp:attachment":[{"href":"http:\/\/fespa.es\/congreso2022\/en\/wp-json\/wp\/v2\/media?parent=23"}],"curies":[{"name":"wp","href":"https:\/\/api.w.org\/{rel}","templated":true}]}}