{"id":1482,"date":"2018-04-07T12:55:53","date_gmt":"2018-04-07T12:55:53","guid":{"rendered":"http:\/\/fespa.es\/congreso2019\/?page_id=1482"},"modified":"2022-07-08T10:22:24","modified_gmt":"2022-07-08T10:22:24","slug":"conferenciantes","status":"publish","type":"page","link":"http:\/\/fespa.es\/congreso2022\/en\/conferenciantes\/","title":{"rendered":"Speakers"},"content":{"rendered":"<p><strong>Peter Andrich<\/strong>, Managing Director at Koenig &amp; Bauer Italia<\/p>\n<p><strong>Christophe Aussenac<\/strong>, President of FESPA France<\/p>\n<p><strong>Alessio Balestrieri<\/strong>, Sales Director Montecolino<\/p>\n<p><strong>Gabriela Betancourth<\/strong>, Graphic Designer Grupo GP<\/p>\n<p><strong>Nuria Casals, Graphic Arts Teacher Vocational Training at Colegio Hogar Afundaci\u00f3n Salesianos de Vigo (Galicia)<\/strong>, Graphic Arts Teacher Vocational Training at Colegio Hogar Afundaci\u00f3n &#8211; La Cocina Gr\u00e1fica \u2013 Salesianos de Vigo (Galicia)<\/p>\n<p><strong>Stefano Casati<\/strong>, End User and Partner Account Manager Large Format Printer, HP Italia<\/p>\n<p><strong>Massimo Costa<\/strong>, Inkjet Sales Manager at Agfa NV<\/p>\n<p><strong>Matteo Dittadi<\/strong>, Segretario Nazionale Scuole Grafiche CNOS-FAP, Direttore Formazione Continua Superiore e Coordinatore Scuola Grafica San Marco<\/p>\n<p><strong>Paulo Dourado<\/strong>, Diretor Gabinete de Comunica\u00e7\u00e3o e Imagem, Apigraf<\/p>\n<p><strong>Elsa Escaja<\/strong>, Designer and Teacher at Escola Profissional Val do Rio, Portugal<\/p>\n<p><strong>Sonia Faura<\/strong>, Copywriter and Social Media Grupo GP<\/p>\n<p><strong>Fran\u00e7ois Grange<\/strong>, D\u00e9l\u00e9gu\u00e9 aux Formation Professionnelles et Technologiques, Lyc\u00e9e Etienne Mimard, France<\/p>\n<p><strong>Fontina Lombardia<\/strong>, FESPA Hellas<\/p>\n<p><strong>Andrea Lupatelli<\/strong>, Co-funder Grafox<\/p>\n<p><strong>Angelo Mandelli<\/strong>, EMEA Product Manager Large Format &amp; Flatbed, at Ricoh Europe<\/p>\n<p><strong>Nicola Posarelli<\/strong>, Presidente FESPA Italia<\/p>\n<p><strong>Sylvain Maillard<\/strong>, Synia France<\/p>\n<p><strong>Angelo Mandelli<\/strong>, EMEA Product Manager Large Format &amp; Flatbed, at Ricoh Europe<\/p>\n<p><strong>Graeme Richardson-Locke<\/strong>, FESPA Ltd<\/p>\n<p><strong>Mario Tsigonias<\/strong>, Assist. Prof.\u00a0 University of West Attika in the field of Printing Technology<\/p>","protected":false},"excerpt":{"rendered":"<p>Peter Andrich, Managing Director at Koenig &amp; Bauer Italia Christophe Aussenac, President of FESPA France Alessio Balestrieri, Sales Director Montecolino Gabriela Betancourth, Graphic Designer Grupo GP Nuria Casal, Graphic Arts Teacher Vocational Training at Colegio Hogar Afundaci\u00f3n &#8211; La Cocina Gr\u00e1fica \u2013 Salesianos de Vigo (Galicia) Stefano Casati, End User and Partner Account Manager Large &hellip; <a href=\"http:\/\/fespa.es\/congreso2022\/en\/conferenciantes\/\" class=\"more-link\">Continue reading <span class=\"screen-reader-text\">Speakers<\/span><\/a><\/p>","protected":false},"author":1,"featured_media":0,"parent":0,"menu_order":0,"comment_status":"closed","ping_status":"closed","template":"","meta":[],"_links":{"self":[{"href":"http:\/\/fespa.es\/congreso2022\/en\/wp-json\/wp\/v2\/pages\/1482"}],"collection":[{"href":"http:\/\/fespa.es\/congreso2022\/en\/wp-json\/wp\/v2\/pages"}],"about":[{"href":"http:\/\/fespa.es\/congreso2022\/en\/wp-json\/wp\/v2\/types\/page"}],"author":[{"embeddable":true,"href":"http:\/\/fespa.es\/congreso2022\/en\/wp-json\/wp\/v2\/users\/1"}],"replies":[{"embeddable":true,"href":"http:\/\/fespa.es\/congreso2022\/en\/wp-json\/wp\/v2\/comments?post=1482"}],"version-history":[{"count":14,"href":"http:\/\/fespa.es\/congreso2022\/en\/wp-json\/wp\/v2\/pages\/1482\/revisions"}],"predecessor-version":[{"id":2485,"href":"http:\/\/fespa.es\/congreso2022\/en\/wp-json\/wp\/v2\/pages\/1482\/revisions\/2485"}],"wp:attachment":[{"href":"http:\/\/fespa.es\/congreso2022\/en\/wp-json\/wp\/v2\/media?parent=1482"}],"curies":[{"name":"wp","href":"https:\/\/api.w.org\/{rel}","templated":true}]}}