{"id":13,"date":"2015-12-14T22:10:43","date_gmt":"2015-12-14T22:10:43","guid":{"rendered":"http:\/\/fespa.es\/congreso2016\/?page_id=13"},"modified":"2022-06-27T14:27:39","modified_gmt":"2022-06-27T14:27:39","slug":"reserva-de-hotel-y-transporte","status":"publish","type":"page","link":"http:\/\/fespa.es\/congreso2022\/en\/reserva-de-hotel-y-transporte\/","title":{"rendered":"Hotel booking"},"content":{"rendered":"<p><strong><span class=\"VIiyi\" lang=\"es\"><span class=\"JLqJ4b ChMk0b\" data-language-for-alternatives=\"es\" data-language-to-translate-into=\"it\" data-phrase-index=\"0\" data-number-of-phrases=\"2\"><span class=\"Q4iAWc\">La organizaci\u00f3n ha establecido un acuerdo con un hotel cercano a la sede.<\/span><\/span> <span class=\"JLqJ4b ChMk0b\" data-language-for-alternatives=\"es\" data-language-to-translate-into=\"it\" data-phrase-index=\"1\" data-number-of-phrases=\"2\"><span class=\"Q4iAWc\">Al finalizar el registro recibir\u00e1s el detalle del precio y un c\u00f3digo de descuento para reservar la habitaci\u00f3n, v\u00e1lido para la noche del 11 de julio.<\/span><\/span><\/span><\/strong><\/p>\n<p><strong>HOTEL NUOVA MESTRE<br \/>\n<\/strong>Via MIRANESE 169 &#8211; 30174 MESTRE (VE)<br \/>\nTel.:\u00a0 +39 041913803<br \/>\nFax:\u00a0 +39 041916468<br \/>\n<a href=\"mailto:info@hotelnuovamestre.com\">info@hotelnuovamestre.com<\/a><br \/>\n<a href=\"http:\/\/www.hotelnuovamestre.com\/\">www.hotelnuovamestre.com<\/a><\/p>","protected":false},"excerpt":{"rendered":"<p>La organizaci\u00f3n ha establecido un acuerdo con un hotel cercano a la sede. Al finalizar el registro recibir\u00e1s el detalle del precio y un c\u00f3digo de descuento para reservar la habitaci\u00f3n, v\u00e1lido para la noche del 11 de julio. HOTEL NUOVA MESTRE Via MIRANESE 169 &#8211; 30174 MESTRE (VE) Tel.:\u00a0 +39 041913803 Fax:\u00a0 +39 041916468 &hellip; <a href=\"http:\/\/fespa.es\/congreso2022\/en\/reserva-de-hotel-y-transporte\/\" class=\"more-link\">Continue reading <span class=\"screen-reader-text\">Hotel booking<\/span><\/a><\/p>","protected":false},"author":1,"featured_media":0,"parent":0,"menu_order":0,"comment_status":"closed","ping_status":"closed","template":"","meta":[],"_links":{"self":[{"href":"http:\/\/fespa.es\/congreso2022\/en\/wp-json\/wp\/v2\/pages\/13"}],"collection":[{"href":"http:\/\/fespa.es\/congreso2022\/en\/wp-json\/wp\/v2\/pages"}],"about":[{"href":"http:\/\/fespa.es\/congreso2022\/en\/wp-json\/wp\/v2\/types\/page"}],"author":[{"embeddable":true,"href":"http:\/\/fespa.es\/congreso2022\/en\/wp-json\/wp\/v2\/users\/1"}],"replies":[{"embeddable":true,"href":"http:\/\/fespa.es\/congreso2022\/en\/wp-json\/wp\/v2\/comments?post=13"}],"version-history":[{"count":11,"href":"http:\/\/fespa.es\/congreso2022\/en\/wp-json\/wp\/v2\/pages\/13\/revisions"}],"predecessor-version":[{"id":2475,"href":"http:\/\/fespa.es\/congreso2022\/en\/wp-json\/wp\/v2\/pages\/13\/revisions\/2475"}],"wp:attachment":[{"href":"http:\/\/fespa.es\/congreso2022\/en\/wp-json\/wp\/v2\/media?parent=13"}],"curies":[{"name":"wp","href":"https:\/\/api.w.org\/{rel}","templated":true}]}}