{"id":23,"date":"2015-12-14T22:25:35","date_gmt":"2015-12-14T22:25:35","guid":{"rendered":"http:\/\/fespa.es\/congreso2016\/?page_id=23"},"modified":"2022-07-08T10:28:27","modified_gmt":"2022-07-08T10:28:27","slug":"home","status":"publish","type":"page","link":"http:\/\/fespa.es\/congreso2022\/el\/","title":{"rendered":"\u03a3\u03c5\u03bd\u03ad\u03b4\u03c1\u03b9\u03bf \u039f\u03c0\u03c4\u03b9\u03ba\u03ae\u03c2 \u0395\u03c0\u03b9\u03ba\u03bf\u03b9\u03bd\u03c9\u03bd\u03af\u03b1\u03c2 \u039d\u03cc\u03c4\u03b9\u03b1\u03c2 \u0395\u03c5\u03c1\u03ce\u03c0\u03b7\u03c2 2022"},"content":{"rendered":"<p><a href=\"http:\/\/fespa.es\/congreso2022\/wp-content\/uploads\/2022\/07\/Sepc-2022-logo.png\"><img loading=\"lazy\" class=\"aligncenter wp-image-2486 size-full\" src=\"http:\/\/fespa.es\/congreso2022\/wp-content\/uploads\/2022\/07\/Sepc-2022-logo.png\" alt=\"\" width=\"455\" height=\"231\" srcset=\"http:\/\/fespa.es\/congreso2022\/wp-content\/uploads\/2022\/07\/Sepc-2022-logo.png 455w, http:\/\/fespa.es\/congreso2022\/wp-content\/uploads\/2022\/07\/Sepc-2022-logo-300x152.png 300w, http:\/\/fespa.es\/congreso2022\/wp-content\/uploads\/2022\/07\/Sepc-2022-logo-18x9.png 18w\" sizes=\"(max-width: 455px) 100vw, 455px\" \/><\/a><\/p>\n<p>&nbsp;<\/p>\n<div class=\"page\" title=\"Page 1\">\n<div class=\"layoutArea\">\n<div class=\"column\">\n<p style=\"text-align: center;\"><strong>\u0395\u03a0\u039f\u039c\u0395\u039d\u0397 \u03a3\u03a4\u0391\u03a3\u0397: \u03a4\u039f \u039c\u0395\u039b\u039b\u039f\u039d<br \/>\n<\/strong><strong>\u039d\u03ad\u03b1 \u03c4\u03b1\u03bb\u03ad\u03bd\u03c4\u03b1 \u03ba\u03b1\u03b9 \u03b2\u03b9\u03ce\u03c3\u03b9\u03bc\u03b5\u03c2 \u03c3\u03c5\u03bc\u03c0\u03b5\u03c1\u03b9\u03c6\u03bf\u03c1\u03ad\u03c2 \u03c3\u03c4\u03bf \u03bc\u03ad\u03bb\u03bb\u03bf\u03bd \u03c4\u03b7\u03c2 \u03bf\u03c0\u03c4\u03b9\u03ba\u03ae\u03c2 \u03b5\u03c0\u03b9\u03ba\u03bf\u03b9\u03bd\u03c9\u03bd\u03af\u03b1\u03c2 \u03ba\u03b1\u03b9 \u03c4\u03b7\u03c2 \u03b2\u03b9\u03bf\u03bc\u03b7\u03c7\u03b1\u03bd\u03af\u03b1\u03c2 \u03b3\u03c1\u03b1\u03c6\u03b9\u03ba\u03ce\u03bd \u03c4\u03b5\u03c7\u03bd\u03ce\u03bd.\u00a0<\/strong><\/p>\n<\/div>\n<\/div>\n<\/div>\n<p>\u03a4\u03bf \u03c3\u03c5\u03bd\u03ad\u03b4\u03c1\u03b9\u03bf \u03b4\u03b9\u03bf\u03c1\u03b3\u03b1\u03bd\u03ce\u03bd\u03b5\u03c4\u03b1\u03b9 \u03b3\u03b9\u03b1 \u03c4\u03b7\u03bd \u03c0\u03c1\u03bf\u03ce\u03b8\u03b7\u03c3\u03b7 \u03c4\u03b7\u03c2 \u03ba\u03b1\u03b9\u03bd\u03bf\u03c4\u03bf\u03bc\u03af\u03b1\u03c2 \u03c3\u03c4\u03bf\u03c5\u03c2 \u03c4\u03bf\u03bc\u03b5\u03af\u03c2 \u03c4\u03b7\u03c2 \u03bf\u03c0\u03c4\u03b9\u03ba\u03ae\u03c2 \u03b5\u03c0\u03b9\u03ba\u03bf\u03b9\u03bd\u03c9\u03bd\u03af\u03b1\u03c2 \u03ba\u03b1\u03b9 \u03c4\u03b7\u03c2 \u03b5\u03ba\u03c4\u03cd\u03c0\u03c9\u03c3\u03b7\u03c2 \u03ba\u03b1\u03b9 \u03b3\u03b9\u03b1 \u03bd\u03b1 \u03c0\u03c1\u03bf\u03c3\u03c6\u03ad\u03c1\u03b5\u03b9 \u03ad\u03bd\u03b1 \u03b4\u03c5\u03bd\u03b1\u03bc\u03b9\u03ba\u03cc \u03c0\u03b5\u03c1\u03b9\u03b2\u03ac\u03bb\u03bb\u03bf\u03bd \u03b4\u03b9\u03ba\u03c4\u03cd\u03c9\u03c3\u03b7\u03c2 \u03c3\u03c4\u03b1 \u03bc\u03ad\u03bb\u03b7 \u03c4\u03c9\u03bd \u03a3\u03c5\u03bd\u03b4\u03ad\u03c3\u03bc\u03c9\u03bd. \u03a0\u03c1\u03cc\u03ba\u03b5\u03b9\u03c4\u03b1\u03b9 \u03b3\u03b9\u03b1 \u03bc\u03b9\u03b1 \u03b4\u03b9\u03b1\u03ba\u03c1\u03b1\u03c4\u03b9\u03ba\u03ae \u03b5\u03ba\u03b4\u03ae\u03bb\u03c9\u03c3\u03b7 \u03c0\u03bf\u03c5 \u03b5\u03c0\u03b9\u03c4\u03c1\u03ad\u03c0\u03b5\u03b9 \u03c3\u03c4\u03bf\u03c5\u03c2 \u03c3\u03c5\u03bc\u03bc\u03b5\u03c4\u03ad\u03c7\u03bf\u03bd\u03c4\u03b5\u03c2 \u03bd\u03b1 \u03b3\u03bd\u03c9\u03c1\u03af\u03c3\u03bf\u03c5\u03bd \u03bf \u03ad\u03bd\u03b1\u03c2 \u03c4\u03bf\u03bd \u03ac\u03bb\u03bb\u03bf\u03bd, \u03bd\u03b1 \u03b1\u03bd\u03c4\u03b1\u03bb\u03bb\u03ac\u03be\u03bf\u03c5\u03bd \u03b5\u03bc\u03c0\u03b5\u03b9\u03c1\u03af\u03b5\u03c2 \u03ba\u03b1\u03b9 \u03bd\u03b1 \u03ba\u03ac\u03bd\u03bf\u03c5\u03bd \u03bc\u03b9\u03b1 \u03c3\u03c5\u03b3\u03ba\u03c1\u03b9\u03c4\u03b9\u03ba\u03ae \u03b1\u03be\u03b9\u03bf\u03bb\u03cc\u03b3\u03b7\u03c3\u03b7 \u03b1\u03bd\u03ac\u03bc\u03b5\u03c3\u03b1 \u03c3\u03c4\u03b9\u03c2 \u03b1\u03b3\u03bf\u03c1\u03ad\u03c2.<\/p>\n<p>\u03a3\u03b5 \u03b4\u03b9\u03ac\u03c3\u03c4\u03b7\u03bc\u03b1 \u03b4\u03cd\u03bf \u03b7\u03bc\u03b5\u03c1\u03ce\u03bd, \u03bf\u03b9 \u03c3\u03c5\u03bc\u03bc\u03b5\u03c4\u03ad\u03c7\u03bf\u03bd\u03c4\u03b5\u03c2 \u03b8\u03b1 \u03ad\u03c7\u03bf\u03c5\u03bd \u03c4\u03b7\u03bd \u03b5\u03c5\u03ba\u03b1\u03b9\u03c1\u03af\u03b1 \u03bd\u03b1 \u03b1\u03ba\u03bf\u03cd\u03c3\u03bf\u03c5\u03bd \u03ba\u03b1\u03b9 \u03bd\u03b1 \u03bc\u03ac\u03b8\u03bf\u03c5\u03bd \u03b1\u03c0\u03cc \u03c4\u03bf\u03c5\u03c2 \u03b5\u03b9\u03b4\u03b9\u03ba\u03bf\u03cd\u03c2 \u03c4\u03bf\u03c5 \u03ba\u03bb\u03ac\u03b4\u03bf\u03c5, \u03bd\u03b1 \u03b3\u03bd\u03c9\u03c1\u03af\u03c3\u03bf\u03c5\u03bd \u03ba\u03bf\u03c1\u03c5\u03c6\u03b1\u03af\u03b5\u03c2 \u03c0\u03c1\u03bf\u03c3\u03c9\u03c0\u03b9\u03ba\u03cc\u03c4\u03b7\u03c4\u03b5\u03c2 \u03c3\u03b5 \u03b4\u03b9\u03ac\u03c6\u03bf\u03c1\u03bf\u03c5\u03c2 \u03c4\u03bf\u03bc\u03b5\u03af\u03c2 \u03c4\u03b7\u03c2 \u03b5\u03ba\u03c4\u03cd\u03c0\u03c9\u03c3\u03b7\u03c2 \u03ba\u03b1\u03b9 \u03bd\u03b1 \u03bc\u03ac\u03b8\u03bf\u03c5\u03bd \u03c0\u03ce\u03c2 \u03bd\u03b1 \u03b1\u03bd\u03b1\u03c0\u03c4\u03cd\u03be\u03bf\u03c5\u03bd \u03c4\u03b9\u03c2 \u03b5\u03c0\u03b9\u03c7\u03b5\u03b9\u03c1\u03ae\u03c3\u03b5\u03b9\u03c2 \u03c4\u03bf\u03c5\u03c2.<\/p>\n<p>\u03a4\u03bf \u03b4\u03b5\u03af\u03c0\u03bd\u03bf, \u03c3\u03c4\u03bf \u03c4\u03ad\u03bb\u03bf\u03c2 \u03c4\u03b7\u03c2 \u03c0\u03c1\u03ce\u03c4\u03b7\u03c2 \u03bc\u03ad\u03c1\u03b1\u03c2, \u03b8\u03b1 \u03c0\u03c1\u03bf\u03c3\u03c6\u03ad\u03c1\u03b5\u03b9 \u03c4\u03b7 \u03b4\u03c5\u03bd\u03b1\u03c4\u03cc\u03c4\u03b7\u03c4\u03b1 \u03c3\u03c5\u03bd\u03ac\u03bd\u03c4\u03b7\u03c3\u03b7\u03c2 \u03ba\u03b1\u03b9 \u03b4\u03b9\u03ba\u03c4\u03cd\u03c9\u03c3\u03b7\u03c2 \u03bc\u03b5 \u03ba\u03b1\u03c4\u03b1\u03c3\u03ba\u03b5\u03c5\u03b1\u03c3\u03c4\u03ad\u03c2 \u03ba\u03b1\u03b9 \u03c0\u03c1\u03bf\u03bc\u03b7\u03b8\u03b5\u03c5\u03c4\u03ad\u03c2 \u03c4\u03b5\u03c7\u03bd\u03bf\u03bb\u03bf\u03b3\u03b9\u03ce\u03bd \u03b5\u03ba\u03c4\u03cd\u03c0\u03c9\u03c3\u03b7\u03c2.<\/p>\n<p>\u0397 \u03c3\u03c5\u03bc\u03bc\u03b5\u03c4\u03bf\u03c7\u03ae \u03b5\u03af\u03bd\u03b1\u03b9 \u03b1\u03c0\u03bf\u03ba\u03bb\u03b5\u03b9\u03c3\u03c4\u03b9\u03ba\u03ac \u03b3\u03b9\u03b1 \u03b5\u03ba\u03c4\u03c5\u03c0\u03c9\u03c4\u03b9\u03ba\u03ad\u03c2 \u03b5\u03c4\u03b1\u03b9\u03c1\u03b5\u03af\u03b5\u03c2, \u03bc\u03ad\u03bb\u03b7 \u03ba\u03b1\u03b9 \u03bc\u03b7 \u03bc\u03ad\u03bb\u03b7 \u03c4\u03b7\u03c2 FESPA \u03ba\u03b1\u03b9 \u03c0\u03c1\u03bf\u03bc\u03b7\u03b8\u03b5\u03c5\u03c4\u03ad\u03c2 \u03bc\u03ad\u03bb\u03b7 \u03c4\u03b7\u03c2 FESPA. \u039f\u03b9 \u03c0\u03c1\u03bf\u03bc\u03b7\u03b8\u03b5\u03c5\u03c4\u03ad\u03c2 \u03c0\u03bf\u03c5 \u03b4\u03b5\u03bd \u03b5\u03af\u03bd\u03b1\u03b9 \u03bc\u03ad\u03bb\u03b7 \u03bc\u03c0\u03bf\u03c1\u03bf\u03cd\u03bd \u03bd\u03b1 \u03c3\u03c5\u03bc\u03bc\u03b5\u03c4\u03ad\u03c7\u03bf\u03c5\u03bd \u03bc\u03cc\u03bd\u03bf \u03c9\u03c2 \u03c7\u03bf\u03c1\u03b7\u03b3\u03bf\u03af \u03c4\u03b7\u03c2 \u03b5\u03ba\u03b4\u03ae\u03bb\u03c9\u03c3\u03b7\u03c2.<\/p>\n<p>\u03a4\u03bf South European Print Congress \u03b4\u03b9\u03bf\u03c1\u03b3\u03b1\u03bd\u03ce\u03bd\u03b5\u03c4\u03b1\u03b9 \u03b1\u03c0\u03cc 5 \u03a3\u03c5\u03bd\u03b4\u03ad\u03c3\u03bc\u03bf\u03c5\u03c2 FESPA \u03c4\u03b7\u03c2 \u039d\u03cc\u03c4\u03b9\u03b1\u03c2 \u0395\u03c5\u03c1\u03ce\u03c0\u03b7\u03c2.<\/p>\n<p><a href=\"http:\/\/fespa.es\/congreso2022\/wp-content\/uploads\/2022\/06\/Logos-asociaciones.png\"><img loading=\"lazy\" class=\"alignright size-full wp-image-2356\" src=\"http:\/\/fespa.es\/congreso2022\/wp-content\/uploads\/2022\/06\/Logos-asociaciones.png\" alt=\"\" width=\"1948\" height=\"158\" srcset=\"http:\/\/fespa.es\/congreso2022\/wp-content\/uploads\/2022\/06\/Logos-asociaciones.png 1948w, http:\/\/fespa.es\/congreso2022\/wp-content\/uploads\/2022\/06\/Logos-asociaciones-300x24.png 300w, http:\/\/fespa.es\/congreso2022\/wp-content\/uploads\/2022\/06\/Logos-asociaciones-768x62.png 768w, http:\/\/fespa.es\/congreso2022\/wp-content\/uploads\/2022\/06\/Logos-asociaciones-1024x83.png 1024w\" sizes=\"(max-width: 1948px) 100vw, 1948px\" \/><\/a><\/p>\n<p><a href=\"http:\/\/fespa.es\/congreso2022\/wp-content\/uploads\/2022\/06\/Logo-fespa-member.jpg\"><img loading=\"lazy\" class=\"aligncenter wp-image-2361\" src=\"http:\/\/fespa.es\/congreso2022\/wp-content\/uploads\/2022\/06\/Logo-fespa-member-150x150.jpg\" alt=\"\" width=\"90\" height=\"90\" srcset=\"http:\/\/fespa.es\/congreso2022\/wp-content\/uploads\/2022\/06\/Logo-fespa-member-150x150.jpg 150w, http:\/\/fespa.es\/congreso2022\/wp-content\/uploads\/2022\/06\/Logo-fespa-member.jpg 181w\" sizes=\"(max-width: 90px) 100vw, 90px\" \/><\/a><\/p>","protected":false},"excerpt":{"rendered":"<p>&nbsp; PR\u00d3XIMA PARADA: EL FUTURO J\u00f3venes talentos y sostenibilidad: el futuro de la Comunicaci\u00f3n Visual\u00a0 Este Congreso est\u00e1 organizado para promover la innovaci\u00f3n en la industria de la impresi\u00f3n de la comunicaci\u00f3n visual y para crear un entorno din\u00e1mico de networking para que los miembros de las asociaciones intercambien ideas, pr\u00e1cticas y oportunidades de negocios. &hellip; <a href=\"http:\/\/fespa.es\/congreso2022\/el\/\" class=\"more-link\">\u03a3\u03c5\u03bd\u03b5\u03c7\u03af\u03c3\u03c4\u03b5 \u03c4\u03b7\u03bd \u03b1\u03bd\u03ac\u03b3\u03bd\u03c9\u03c3\u03b7 <span class=\"screen-reader-text\">\u03a3\u03c5\u03bd\u03ad\u03b4\u03c1\u03b9\u03bf \u039f\u03c0\u03c4\u03b9\u03ba\u03ae\u03c2 \u0395\u03c0\u03b9\u03ba\u03bf\u03b9\u03bd\u03c9\u03bd\u03af\u03b1\u03c2 \u039d\u03cc\u03c4\u03b9\u03b1\u03c2 \u0395\u03c5\u03c1\u03ce\u03c0\u03b7\u03c2 2022<\/span><\/a><\/p>","protected":false},"author":1,"featured_media":0,"parent":0,"menu_order":0,"comment_status":"closed","ping_status":"closed","template":"","meta":[],"_links":{"self":[{"href":"http:\/\/fespa.es\/congreso2022\/el\/wp-json\/wp\/v2\/pages\/23"}],"collection":[{"href":"http:\/\/fespa.es\/congreso2022\/el\/wp-json\/wp\/v2\/pages"}],"about":[{"href":"http:\/\/fespa.es\/congreso2022\/el\/wp-json\/wp\/v2\/types\/page"}],"author":[{"embeddable":true,"href":"http:\/\/fespa.es\/congreso2022\/el\/wp-json\/wp\/v2\/users\/1"}],"replies":[{"embeddable":true,"href":"http:\/\/fespa.es\/congreso2022\/el\/wp-json\/wp\/v2\/comments?post=23"}],"version-history":[{"count":41,"href":"http:\/\/fespa.es\/congreso2022\/el\/wp-json\/wp\/v2\/pages\/23\/revisions"}],"predecessor-version":[{"id":2487,"href":"http:\/\/fespa.es\/congreso2022\/el\/wp-json\/wp\/v2\/pages\/23\/revisions\/2487"}],"wp:attachment":[{"href":"http:\/\/fespa.es\/congreso2022\/el\/wp-json\/wp\/v2\/media?parent=23"}],"curies":[{"name":"wp","href":"https:\/\/api.w.org\/{rel}","templated":true}]}}