{"id":1482,"date":"2018-04-07T12:55:53","date_gmt":"2018-04-07T12:55:53","guid":{"rendered":"http:\/\/fespa.es\/congreso2019\/?page_id=1482"},"modified":"2022-07-08T10:22:24","modified_gmt":"2022-07-08T10:22:24","slug":"conferenciantes","status":"publish","type":"page","link":"http:\/\/fespa.es\/congreso2022\/el\/conferenciantes\/","title":{"rendered":"\u039f\u03bc\u03b9\u03bb\u03b7\u03c4\u03ad\u03c2"},"content":{"rendered":"<p><strong>Peter Andrich<\/strong>, Managing Director at Koenig &amp; Bauer Italia<\/p>\n<p><strong>Christophe Aussenac<\/strong>, \u03a0\u03c1\u03cc\u03b5\u03b4\u03c1\u03bf\u03c2 \u03c4\u03b7\u03c2 FESPA France<\/p>\n<p><strong>Alessio Balestrieri<\/strong>, Sales Director Montecolino<\/p>\n<p><strong>Gabriela Betancourth<\/strong>, \u0393\u03c1\u03b1\u03c6\u03af\u03c3\u03c4\u03b1\u03c2 \u03c3\u03c4\u03bf\u03bd \u038c\u03bc\u03b9\u03bb\u03bf GP<\/p>\n<p><strong>Nuria Casal<\/strong>, \u039a\u03b1\u03b8\u03b7\u03b3\u03ae\u03c4\u03c1\u03b9\u03b1 \u0393\u03c1\u03b1\u03c6\u03b9\u03ba\u03ce\u03bd \u03a4\u03b5\u03c7\u03bd\u03ce\u03bd \u03c3\u03c4\u03bf Colegio Hogar Afundaci\u00f3n Salesianos de Vigo (\u0393\u03b1\u03bb\u03b9\u03ba\u03af\u03b1)<\/p>\n<p><strong>Stefano Casati<\/strong>, End User \u03ba\u03b1\u03b9 Partner Account Manager Large Format Printer, HP Italia<\/p>\n<p><strong>Massimo Costa<\/strong>, \u03a5\u03c0\u03b5\u03cd\u03b8\u03c5\u03bd\u03bf\u03c2 \u03a0\u03c9\u03bb\u03ae\u03c3\u03b5\u03c9\u03bd \u03c3\u03c4\u03b7\u03bd Agfa NV<\/p>\n<p><strong>Matteo Dittadi<\/strong>, \u0393\u03c1\u03b1\u03bc\u03bc\u03b1\u03c4\u03ad\u03b1\u03c2 \u03c3\u03c4\u03b7\u03bd \u0395\u03b8\u03bd\u03b9\u03ba\u03ae \u03a3\u03c7\u03bf\u03bb\u03ae \u0393\u03c1\u03b1\u03c6\u03b9\u03ba\u03ce\u03bd \u03a4\u03b5\u03c7\u03bd\u03ce\u03bd CNOS-FAP, \u0394\u03b9\u03b5\u03c5\u03b8\u03c5\u03bd\u03c4\u03ae\u03c2 \u03c4\u03b7\u03c2 \u0391\u03bd\u03ce\u03c4\u03b1\u03c4\u03b7\u03c2 \u03a3\u03c7\u03bf\u03bb\u03ae\u03c2 \u0393\u03c1\u03b1\u03c6\u03b9\u03ba\u03ce\u03bd \u03a4\u03b5\u03c7\u03bd\u03ce\u03bd \u03c4\u03bf\u03c5 San Marco<\/p>\n<p><strong>Paulo Dourado<\/strong>, \u0394\u03b9\u03b5\u03c5\u03b8\u03c5\u03bd\u03c4\u03ae\u03c2 \u039f\u03c0\u03c4\u03b9\u03ba\u03ae\u03c2 \u0395\u03c0\u03b9\u03ba\u03bf\u03b9\u03bd\u03c9\u03bd\u03af\u03b1\u03c2 \u03c3\u03c4\u03b7\u03bd APIGRAF<\/p>\n<p><strong>Elsa Escaja<\/strong>, Designer and Teacher at Escola Profissional Val do Rio, Portugal<\/p>\n<p><strong>Sonia Faura<\/strong>, \u039a\u03b5\u03b9\u03bc\u03b5\u03bd\u03bf\u03b3\u03c1\u03ac\u03c6\u03bf\u03c2 \u03ba\u03b1\u03b9 \u039c\u03ad\u03c3\u03b1 \u03ba\u03bf\u03b9\u03bd\u03c9\u03bd\u03b9\u03ba\u03ae\u03c2 \u03b4\u03b9\u03ba\u03c4\u03cd\u03c9\u03c3\u03b7\u03c2 \u03c3\u03c4\u03bf\u03bd \u038c\u03bc\u03b9\u03bb\u03bf GP<\/p>\n<p><strong>Fran\u00e7ois Grange<\/strong>, D\u00e9l\u00e9gu\u00e9 aux Formation Professionnelles et Technologiques, Lyc\u00e9e Etienne Mimard, France<\/p>\n<p><strong>\u03a6\u03bf\u03bd\u03c4\u03af\u03bd\u03b1 \u039b\u03bf\u03bc\u03b2\u03b1\u03c1\u03b4\u03b9\u03ac<\/strong>, \u03a0\u03c1\u03cc\u03b5\u03b4\u03c1\u03bf\u03c2 \u03c4\u03b7\u03c2 FESPA Hellas<\/p>\n<p><strong>Andrea Lupatelli<\/strong>, \u03a3\u03c5\u03bd\u03b9\u03b4\u03c1\u03c5\u03c4\u03ae\u03c2 \u03c4\u03b7\u03c2 \u03b5\u03c4\u03b1\u03b9\u03c1\u03b5\u03af\u03b1\u03c2 Grafox<\/p>\n<p><strong>Angelo Mandelli<\/strong>, EMEA Product Manager Large Format &amp; Flatbed, at Ricoh Europe<\/p>\n<p><strong>Nicola Posarelli<\/strong>, \u03a0\u03c1\u03cc\u03b5\u03b4\u03c1\u03bf\u03c2 \u03c4\u03b7\u03c2 FESPA Italia<\/p>\n<p><strong>Sylvain Maillard<\/strong>, Synia France<\/p>\n<p><strong>Angelo Mandelli<\/strong>, EMEA Product Manager Large Format &amp; Flatbed, at Ricoh Europe<\/p>\n<p><strong>Graeme Richardson-Locke<\/strong>, FESPA Ltd<\/p>\n<p><strong>\u039c\u03ac\u03c1\u03b9\u03bf\u03c2 \u03a4\u03c3\u03b9\u03b3\u03ce\u03bd\u03b9\u03b1\u03c2<\/strong>, \u0392\u03bf\u03b7\u03b8\u03cc\u03c2 \u03ba\u03b1\u03b8\u03b7\u03b3\u03b7\u03c4\u03ae \u03c3\u03c4\u03bf \u03a0\u03b1\u03bd\u03b5\u03c0\u03b9\u03c3\u03c4\u03ae\u03bc\u03b9\u03bf \u0394\u03c5\u03c4\u03b9\u03ba\u03ae\u03c2 \u0391\u03c4\u03c4\u03b9\u03ba\u03ae\u03c2, \u03c3\u03c4\u03bf\u03bd \u03c4\u03bf\u03bc\u03ad\u03b1 \u03c4\u03b7\u03c2 \u03a4\u03b5\u03c7\u03bd\u03bf\u03bb\u03bf\u03b3\u03af\u03b1\u03c2 \u0393\u03c1\u03b1\u03c6\u03b9\u03ba\u03ce\u03bd \u03a4\u03b5\u03c7\u03bd\u03ce\u03bd<\/p>","protected":false},"excerpt":{"rendered":"<p>Peter Andrich, Managing Director at Koenig &amp; Bauer Italia Christophe Aussenac, President of FESPA France Alessio Balestrieri, Sales Director Montecolino Gabriela Betancourth, Graphic Designer Grupo GP Nuria Casal, Graphic Arts Teacher Vocational Training at Colegio Hogar Afundaci\u00f3n &#8211; La Cocina Gr\u00e1fica \u2013 Salesianos de Vigo (Galicia) Stefano Casati, End User and Partner Account Manager Large &hellip; <a href=\"http:\/\/fespa.es\/congreso2022\/el\/conferenciantes\/\" class=\"more-link\">\u03a3\u03c5\u03bd\u03b5\u03c7\u03af\u03c3\u03c4\u03b5 \u03c4\u03b7\u03bd \u03b1\u03bd\u03ac\u03b3\u03bd\u03c9\u03c3\u03b7 <span class=\"screen-reader-text\">\u039f\u03bc\u03b9\u03bb\u03b7\u03c4\u03ad\u03c2<\/span><\/a><\/p>","protected":false},"author":1,"featured_media":0,"parent":0,"menu_order":0,"comment_status":"closed","ping_status":"closed","template":"","meta":[],"_links":{"self":[{"href":"http:\/\/fespa.es\/congreso2022\/el\/wp-json\/wp\/v2\/pages\/1482"}],"collection":[{"href":"http:\/\/fespa.es\/congreso2022\/el\/wp-json\/wp\/v2\/pages"}],"about":[{"href":"http:\/\/fespa.es\/congreso2022\/el\/wp-json\/wp\/v2\/types\/page"}],"author":[{"embeddable":true,"href":"http:\/\/fespa.es\/congreso2022\/el\/wp-json\/wp\/v2\/users\/1"}],"replies":[{"embeddable":true,"href":"http:\/\/fespa.es\/congreso2022\/el\/wp-json\/wp\/v2\/comments?post=1482"}],"version-history":[{"count":14,"href":"http:\/\/fespa.es\/congreso2022\/el\/wp-json\/wp\/v2\/pages\/1482\/revisions"}],"predecessor-version":[{"id":2485,"href":"http:\/\/fespa.es\/congreso2022\/el\/wp-json\/wp\/v2\/pages\/1482\/revisions\/2485"}],"wp:attachment":[{"href":"http:\/\/fespa.es\/congreso2022\/el\/wp-json\/wp\/v2\/media?parent=1482"}],"curies":[{"name":"wp","href":"https:\/\/api.w.org\/{rel}","templated":true}]}}